{"id":2357,"date":"2024-07-10T01:13:19","date_gmt":"2024-07-10T01:13:19","guid":{"rendered":"https:\/\/axadaglobal.com\/unsere-soziale-verantwortung\/"},"modified":"2025-08-04T03:36:44","modified_gmt":"2025-08-04T03:36:44","slug":"unsere-soziale-verantwortung","status":"publish","type":"page","link":"https:\/\/axadaglobal.com\/de\/unsere-soziale-verantwortung\/","title":{"rendered":"Unsere soziale Verantwortung"},"content":{"rendered":"\t\t<div data-elementor-type=\"wp-page\" data-elementor-id=\"2357\" class=\"elementor elementor-2357 elementor-1706\" data-elementor-post-type=\"page\">\n\t\t\t\t\t\t<section class=\"elementor-section elementor-top-section elementor-element elementor-element-5ba26f1 elementor-section-height-min-height elementor-section-boxed elementor-section-height-default elementor-section-items-middle\" data-id=\"5ba26f1\" data-element_type=\"section\" data-e-type=\"section\" data-settings=\"{&quot;background_background&quot;:&quot;classic&quot;}\">\n\t\t\t\t\t\t\t<div class=\"elementor-background-overlay\"><\/div>\n\t\t\t\t\t\t\t<div class=\"elementor-container elementor-column-gap-default\">\n\t\t\t\t\t<div class=\"elementor-column elementor-col-100 elementor-top-column elementor-element elementor-element-1654f6a\" data-id=\"1654f6a\" data-element_type=\"column\" data-e-type=\"column\">\n\t\t\t<div class=\"elementor-widget-wrap elementor-element-populated\">\n\t\t\t\t\t\t<div class=\"elementor-element elementor-element-e5b2e75 elementor-widget elementor-widget-heading\" data-id=\"e5b2e75\" data-element_type=\"widget\" data-e-type=\"widget\" data-widget_type=\"heading.default\">\n\t\t\t\t<div class=\"elementor-widget-container\">\n\t\t\t\t\t<h1 class=\"elementor-heading-title elementor-size-default\">Unsere Soziale Verantwortung<\/h1>\t\t\t\t<\/div>\n\t\t\t\t<\/div>\n\t\t\t\t<div class=\"elementor-element elementor-element-98013cd elementor-widget-divider--view-line elementor-widget elementor-widget-divider\" data-id=\"98013cd\" data-element_type=\"widget\" data-e-type=\"widget\" data-widget_type=\"divider.default\">\n\t\t\t\t<div class=\"elementor-widget-container\">\n\t\t\t\t\t\t\t<div class=\"elementor-divider\">\n\t\t\t<span class=\"elementor-divider-separator\">\n\t\t\t\t\t\t<\/span>\n\t\t<\/div>\n\t\t\t\t\t\t<\/div>\n\t\t\t\t<\/div>\n\t\t\t\t\t<\/div>\n\t\t<\/div>\n\t\t\t\t\t<\/div>\n\t\t<\/section>\n\t\t\t\t<section class=\"elementor-section elementor-top-section elementor-element elementor-element-2a0d8d6 elementor-section-boxed elementor-section-height-default elementor-section-height-default\" data-id=\"2a0d8d6\" data-element_type=\"section\" data-e-type=\"section\" data-settings=\"{&quot;background_background&quot;:&quot;classic&quot;}\">\n\t\t\t\t\t\t<div class=\"elementor-container elementor-column-gap-default\">\n\t\t\t\t\t<div class=\"elementor-column elementor-col-100 elementor-top-column elementor-element elementor-element-dcf0f25\" data-id=\"dcf0f25\" data-element_type=\"column\" data-e-type=\"column\">\n\t\t\t<div class=\"elementor-widget-wrap\">\n\t\t\t\t\t\t\t<\/div>\n\t\t<\/div>\n\t\t\t\t\t<\/div>\n\t\t<\/section>\n\t\t\t\t<section class=\"elementor-section elementor-top-section elementor-element elementor-element-d8ee70a elementor-section-stretched elementor-section-boxed elementor-section-height-default elementor-section-height-default\" data-id=\"d8ee70a\" data-element_type=\"section\" data-e-type=\"section\" data-settings=\"{&quot;background_background&quot;:&quot;classic&quot;,&quot;stretch_section&quot;:&quot;section-stretched&quot;}\">\n\t\t\t\t\t\t<div class=\"elementor-container elementor-column-gap-default\">\n\t\t\t\t\t<div class=\"elementor-column elementor-col-100 elementor-top-column elementor-element elementor-element-eb4bff8\" data-id=\"eb4bff8\" data-element_type=\"column\" data-e-type=\"column\">\n\t\t\t<div class=\"elementor-widget-wrap elementor-element-populated\">\n\t\t\t\t\t\t<section class=\"elementor-section elementor-inner-section elementor-element elementor-element-a2fd80e elementor-section-boxed elementor-section-height-default elementor-section-height-default\" data-id=\"a2fd80e\" data-element_type=\"section\" data-e-type=\"section\" data-settings=\"{&quot;animation&quot;:&quot;none&quot;}\">\n\t\t\t\t\t\t<div class=\"elementor-container elementor-column-gap-default\">\n\t\t\t\t\t<div class=\"elementor-column elementor-col-50 elementor-inner-column elementor-element elementor-element-f07f0ee animated-slow elementor-invisible\" data-id=\"f07f0ee\" data-element_type=\"column\" data-e-type=\"column\" data-settings=\"{&quot;background_background&quot;:&quot;classic&quot;,&quot;animation&quot;:&quot;slideInLeft&quot;}\">\n\t\t\t<div class=\"elementor-widget-wrap elementor-element-populated\">\n\t\t\t\t\t<div class=\"elementor-background-overlay\"><\/div>\n\t\t\t\t\t\t<div class=\"elementor-element elementor-element-ac7b23f elementor-position-top elementor-widget elementor-widget-image-box\" data-id=\"ac7b23f\" data-element_type=\"widget\" data-e-type=\"widget\" data-widget_type=\"image-box.default\">\n\t\t\t\t<div class=\"elementor-widget-container\">\n\t\t\t\t\t<div class=\"elementor-image-box-wrapper\"><figure class=\"elementor-image-box-img\"><img decoding=\"async\" width=\"117\" height=\"117\" src=\"https:\/\/axadaglobal.com\/wp-content\/uploads\/2024\/07\/Responsibility-towards-our-clients-.webp\" class=\"attachment-full size-full wp-image-2285\" alt=\"\" \/><\/figure><div class=\"elementor-image-box-content\"><h3 class=\"elementor-image-box-title\">Verantwortung gegen\u00fcber unseren Mandanten:<\/h3><p class=\"elementor-image-box-description\">Unser Unternehmen nimmt die Verantwortung gegen\u00fcber unseren Mandanten sehr ernst. Eine transparente Kommunikation ist f\u00fcr uns essentiell. Durch unser Engagement f\u00fcr einen exzellenten Kundenservice und kontinuierliche Verbesserungen stellen wir sicher, dass unsere Mandanten sich stets gut betreut f\u00fchlen. Diese Bem\u00fchungen sind integraler Bestandteil unserer Unternehmenskultur und tragen dazu bei, erfolgreiche und langfristige Beziehungen zu unseren Mandanten aufzubauen.<\/p><\/div><\/div>\t\t\t\t<\/div>\n\t\t\t\t<\/div>\n\t\t\t\t\t<\/div>\n\t\t<\/div>\n\t\t\t\t<div class=\"elementor-column elementor-col-50 elementor-inner-column elementor-element elementor-element-1525309 animated-slow elementor-invisible\" data-id=\"1525309\" data-element_type=\"column\" data-e-type=\"column\" data-settings=\"{&quot;background_background&quot;:&quot;classic&quot;,&quot;animation&quot;:&quot;slideInRight&quot;}\">\n\t\t\t<div class=\"elementor-widget-wrap elementor-element-populated\">\n\t\t\t\t\t<div class=\"elementor-background-overlay\"><\/div>\n\t\t\t\t\t\t<div class=\"elementor-element elementor-element-7db5ef8 elementor-position-top elementor-widget elementor-widget-image-box\" data-id=\"7db5ef8\" data-element_type=\"widget\" data-e-type=\"widget\" data-widget_type=\"image-box.default\">\n\t\t\t\t<div class=\"elementor-widget-container\">\n\t\t\t\t\t<div class=\"elementor-image-box-wrapper\"><figure class=\"elementor-image-box-img\"><img decoding=\"async\" width=\"117\" height=\"117\" src=\"https:\/\/axadaglobal.com\/wp-content\/uploads\/2024\/07\/Responsibility-towards-our-employees-.webp\" class=\"attachment-full size-full wp-image-2286\" alt=\"\" \/><\/figure><div class=\"elementor-image-box-content\"><h3 class=\"elementor-image-box-title\">Verantwortung gegen\u00fcber unseren Mitarbeitern:<\/h3><p class=\"elementor-image-box-description\">Unser Unternehmen engagiert sich aktiv f\u00fcr das Wohlbefinden unserer Mitarbeiter und legt gro\u00dfen Wert auf die soziale Verantwortung gegen\u00fcber jedem Einzelnen. Durch umfangreiche Bildungs- und Weiterbildungsprogramme f\u00f6rdern wir die berufliche Entwicklung und pers\u00f6nliches Wachstum. Jeder Mitarbeiter wird ermutigt, seine eigenen Ideen einzubringen. Es herrscht eine starke Teamorientierung, in der Zusammarbeit und die Unterst\u00fctzung zwischen den Kollegen gef\u00f6rdert werden.   <br><br><\/p><\/div><\/div>\t\t\t\t<\/div>\n\t\t\t\t<\/div>\n\t\t\t\t\t<\/div>\n\t\t<\/div>\n\t\t\t\t\t<\/div>\n\t\t<\/section>\n\t\t\t\t<section class=\"elementor-section elementor-inner-section elementor-element elementor-element-5601d67 elementor-section-boxed elementor-section-height-default elementor-section-height-default\" data-id=\"5601d67\" data-element_type=\"section\" data-e-type=\"section\" data-settings=\"{&quot;animation&quot;:&quot;none&quot;}\">\n\t\t\t\t\t\t<div class=\"elementor-container elementor-column-gap-default\">\n\t\t\t\t\t<div class=\"elementor-column elementor-col-50 elementor-inner-column elementor-element elementor-element-836e455 animated-slow elementor-invisible\" data-id=\"836e455\" data-element_type=\"column\" data-e-type=\"column\" data-settings=\"{&quot;background_background&quot;:&quot;classic&quot;,&quot;animation&quot;:&quot;slideInLeft&quot;}\">\n\t\t\t<div class=\"elementor-widget-wrap elementor-element-populated\">\n\t\t\t\t\t<div class=\"elementor-background-overlay\"><\/div>\n\t\t\t\t\t\t<div class=\"elementor-element elementor-element-062ccba elementor-position-top elementor-widget elementor-widget-image-box\" data-id=\"062ccba\" data-element_type=\"widget\" data-e-type=\"widget\" data-widget_type=\"image-box.default\">\n\t\t\t\t<div class=\"elementor-widget-container\">\n\t\t\t\t\t<div class=\"elementor-image-box-wrapper\"><figure class=\"elementor-image-box-img\"><img decoding=\"async\" width=\"117\" height=\"117\" src=\"https:\/\/axadaglobal.com\/wp-content\/uploads\/2024\/07\/Diversity-and-Inclusion-.webp\" class=\"attachment-full size-full wp-image-2287\" alt=\"\" \/><\/figure><div class=\"elementor-image-box-content\"><h3 class=\"elementor-image-box-title\">Diversit\u00e4t und Inklusion:<\/h3><p class=\"elementor-image-box-description\">Unser Unternehmen setzt sich aktiv f\u00fcr Diversit\u00e4t und Inklusion ein, da wir fest davon \u00fcberzeugt sind, dass Vielfalt eine Quelle der St\u00e4rke und Innovation darstellt. Wir f\u00f6rdern eine integrative Unternehmenskultur, die unterschiedliche Perspektiven und Hintergr\u00fcnde willkommen hei\u00dft. Durch gezielte Programme und Schulungen schaffen wir Chancengleichheit und unterst\u00fctzen die berufliche Entwicklung aller Mitarbeiter unabh\u00e4ngig von Geschlecht, Herkunft oder Identit\u00e4t.  <br><br><\/p><\/div><\/div>\t\t\t\t<\/div>\n\t\t\t\t<\/div>\n\t\t\t\t\t<\/div>\n\t\t<\/div>\n\t\t\t\t<div class=\"elementor-column elementor-col-50 elementor-inner-column elementor-element elementor-element-54c09ba animated-slow elementor-invisible\" data-id=\"54c09ba\" data-element_type=\"column\" data-e-type=\"column\" data-settings=\"{&quot;background_background&quot;:&quot;classic&quot;,&quot;animation&quot;:&quot;slideInRight&quot;}\">\n\t\t\t<div class=\"elementor-widget-wrap elementor-element-populated\">\n\t\t\t\t\t<div class=\"elementor-background-overlay\"><\/div>\n\t\t\t\t\t\t<div class=\"elementor-element elementor-element-7ea6965 elementor-position-top elementor-widget elementor-widget-image-box\" data-id=\"7ea6965\" data-element_type=\"widget\" data-e-type=\"widget\" data-widget_type=\"image-box.default\">\n\t\t\t\t<div class=\"elementor-widget-container\">\n\t\t\t\t\t<div class=\"elementor-image-box-wrapper\"><figure class=\"elementor-image-box-img\"><img loading=\"lazy\" decoding=\"async\" width=\"117\" height=\"117\" src=\"https:\/\/axadaglobal.com\/wp-content\/uploads\/2024\/07\/Environmental-protection-and-sustainability-.webp\" class=\"attachment-full size-full wp-image-2283\" alt=\"\" \/><\/figure><div class=\"elementor-image-box-content\"><h3 class=\"elementor-image-box-title\">Umweltschutz und Nachhaltigkeit:<\/h3><p class=\"elementor-image-box-description\">Durch die Einf\u00fchrung von Homeoffice-M\u00f6glichkeiten reduziert unser Unternehmen den t\u00e4glichen Pendelverkehr unserer Mitarbeiter, was zu einer signifikanten Verringerung der CO2-Emissionen beitr\u00e4gt. Zus\u00e4tzlich minimieren wir den Ressourcenverbrauch in unseren B\u00fcros, insbesondere in Bezug auf Energie und B\u00fcromaterialien. Unsere Daten werden sicher in der Cloud gespeichert. Damit leisten wir einen wertvollen Beitrag zum Umweltschutz und f\u00f6rdern nachhaltige Arbeitspraktiken.    <br><br><\/p><\/div><\/div>\t\t\t\t<\/div>\n\t\t\t\t<\/div>\n\t\t\t\t\t<\/div>\n\t\t<\/div>\n\t\t\t\t\t<\/div>\n\t\t<\/section>\n\t\t\t\t\t<\/div>\n\t\t<\/div>\n\t\t\t\t\t<\/div>\n\t\t<\/section>\n\t\t\t\t<\/div>\n\t\t","protected":false},"excerpt":{"rendered":"<p>Unsere Soziale Verantwortung Verantwortung gegen\u00fcber unseren Mandanten: Unser Unternehmen nimmt die Verantwortung gegen\u00fcber unseren Mandanten sehr ernst. Eine transparente Kommunikation [&hellip;]<\/p>\n","protected":false},"author":9,"featured_media":0,"parent":0,"menu_order":0,"comment_status":"closed","ping_status":"closed","template":"elementor_header_footer","meta":{"_sitemap_exclude":false,"_sitemap_priority":"","_sitemap_frequency":"","site-sidebar-layout":"no-sidebar","site-content-layout":"","ast-site-content-layout":"full-width-container","site-content-style":"default","site-sidebar-style":"default","ast-global-header-display":"","ast-banner-title-visibility":"","ast-main-header-display":"","ast-hfb-above-header-display":"","ast-hfb-below-header-display":"","ast-hfb-mobile-header-display":"","site-post-title":"disabled","ast-breadcrumbs-content":"","ast-featured-img":"disabled","footer-sml-layout":"","ast-disable-related-posts":"","theme-transparent-header-meta":"","adv-header-id-meta":"","stick-header-meta":"","header-above-stick-meta":"","header-main-stick-meta":"","header-below-stick-meta":"","astra-migrate-meta-layouts":"default","ast-page-background-enabled":"default","ast-page-background-meta":{"desktop":{"background-color":"var(--ast-global-color-4)","background-image":"","background-repeat":"repeat","background-position":"center center","background-size":"auto","background-attachment":"scroll","background-type":"","background-media":"","overlay-type":"","overlay-color":"","overlay-opacity":"","overlay-gradient":""},"tablet":{"background-color":"","background-image":"","background-repeat":"repeat","background-position":"center center","background-size":"auto","background-attachment":"scroll","background-type":"","background-media":"","overlay-type":"","overlay-color":"","overlay-opacity":"","overlay-gradient":""},"mobile":{"background-color":"","background-image":"","background-repeat":"repeat","background-position":"center center","background-size":"auto","background-attachment":"scroll","background-type":"","background-media":"","overlay-type":"","overlay-color":"","overlay-opacity":"","overlay-gradient":""}},"ast-content-background-meta":{"desktop":{"background-color":"var(--ast-global-color-5)","background-image":"","background-repeat":"repeat","background-position":"center center","background-size":"auto","background-attachment":"scroll","background-type":"","background-media":"","overlay-type":"","overlay-color":"","overlay-opacity":"","overlay-gradient":""},"tablet":{"background-color":"var(--ast-global-color-5)","background-image":"","background-repeat":"repeat","background-position":"center center","background-size":"auto","background-attachment":"scroll","background-type":"","background-media":"","overlay-type":"","overlay-color":"","overlay-opacity":"","overlay-gradient":""},"mobile":{"background-color":"var(--ast-global-color-5)","background-image":"","background-repeat":"repeat","background-position":"center center","background-size":"auto","background-attachment":"scroll","background-type":"","background-media":"","overlay-type":"","overlay-color":"","overlay-opacity":"","overlay-gradient":""}},"footnotes":""},"class_list":["post-2357","page","type-page","status-publish","hentry"],"_links":{"self":[{"href":"https:\/\/axadaglobal.com\/de\/wp-json\/wp\/v2\/pages\/2357","targetHints":{"allow":["GET"]}}],"collection":[{"href":"https:\/\/axadaglobal.com\/de\/wp-json\/wp\/v2\/pages"}],"about":[{"href":"https:\/\/axadaglobal.com\/de\/wp-json\/wp\/v2\/types\/page"}],"author":[{"embeddable":true,"href":"https:\/\/axadaglobal.com\/de\/wp-json\/wp\/v2\/users\/9"}],"replies":[{"embeddable":true,"href":"https:\/\/axadaglobal.com\/de\/wp-json\/wp\/v2\/comments?post=2357"}],"version-history":[{"count":0,"href":"https:\/\/axadaglobal.com\/de\/wp-json\/wp\/v2\/pages\/2357\/revisions"}],"wp:attachment":[{"href":"https:\/\/axadaglobal.com\/de\/wp-json\/wp\/v2\/media?parent=2357"}],"curies":[{"name":"wp","href":"https:\/\/api.w.org\/{rel}","templated":true}]}}